{"id":15176,"date":"2017-01-27T11:07:16","date_gmt":"2017-01-27T11:07:16","guid":{"rendered":"http:\/\/www.imprentallorens.es\/ca\/?page_id=15176"},"modified":"2017-01-27T12:01:24","modified_gmt":"2017-01-27T12:01:24","slug":"imprenta-offset","status":"publish","type":"page","link":"https:\/\/www.imprentallorens.es\/ca\/imprenta-offset\/","title":{"rendered":"Impremta Offset"},"content":{"rendered":"<div class=\"wpb-content-wrapper\"><p>[vc_row][vc_column][vc_column_text]La Impressi\u00f3 Offset no t\u00e9 secrets per Impremta Llorens, som capa\u00e7os d&#8217;oferir als nostres clients la m\u00e0xima qualitat per a grans tirades de les seves impresos gr\u00e0cies a la nostra tecnologia offset.[\/vc_column_text][\/vc_column][\/vc_row][vc_row][vc_column width=&#8221;1\/4&#8243;][vc_single_image image=&#8221;15101&#8243; img_size=&#8221;full&#8221; css_animation=&#8221;bounceIn&#8221;][vc_column_text css_animation=&#8221;fadeInUp&#8221;]<\/p>\n<h2 style=\"text-align: center;\">D\u00cdPTICS<\/h2>\n<p>En Impremta Llorens imprimim les seves <strong>d\u00edptics<\/strong> amb la major qualitat possible, amb el format, plegat i fes que necessiti.[\/vc_column_text][\/vc_column][vc_column width=&#8221;1\/4&#8243;][vc_single_image image=&#8221;15097&#8243; img_size=&#8221;full&#8221; css_animation=&#8221;bounceIn&#8221;][vc_column_text css_animation=&#8221;fadeInUp&#8221;]<\/p>\n<h2 style=\"text-align: center;\">SOBRES<\/h2>\n<p>La impressi\u00f3 de tot tipus de <strong>sobres<\/strong> i <strong>bosses<\/strong> no t\u00e9 secret per a nosaltres. De qualsevol format i amb quants colors necessiti.[\/vc_column_text][\/vc_column][vc_column width=&#8221;1\/4&#8243;][vc_single_image image=&#8221;15110&#8243; img_size=&#8221;full&#8221; css_animation=&#8221;bounceIn&#8221;][vc_column_text css_animation=&#8221;fadeInUp&#8221;]<\/p>\n<h2 style=\"text-align: center;\">FLYERS<\/h2>\n<p>Imprimim els seus <strong>flyers<\/strong> sobre el format que necessiti, A4, A5, A6, A7 &#8230; Sobre el paper que m\u00e9s li agradi i l&#8217;acabat que requereixi.[\/vc_column_text][\/vc_column][vc_column width=&#8221;1\/4&#8243;][vc_single_image image=&#8221;15106&#8243; img_size=&#8221;full&#8221; css_animation=&#8221;bounceIn&#8221;][vc_column_text css_animation=&#8221;fadeInUp&#8221;]<\/p>\n<h2 style=\"text-align: center;\">INVITACIONS<\/h2>\n<p>En Impremta Llorens tenim un ampli cat\u00e0leg d&#8217;<strong>invitacions<\/strong> de <strong>Boda<\/strong>, <strong>Bateig<\/strong>, <strong>Comuni\u00f3<\/strong> i qualsevol tipus d&#8217;<strong>esdeveniment<\/strong> pel qual les necessiti.[\/vc_column_text][\/vc_column][\/vc_row][vc_row][vc_column width=&#8221;1\/4&#8243;][vc_single_image image=&#8221;15107&#8243; img_size=&#8221;full&#8221; css_animation=&#8221;bounceIn&#8221;][vc_column_text css_animation=&#8221;fadeInUp&#8221;]<\/p>\n<h2 style=\"text-align: center;\">TARGETES DE VISITA<\/h2>\n<p>Les seves <strong>targetes de visita<\/strong>, en Impremta Llorens, se les imprimim totes les seves variants de mida, acabat i color que millor s&#8217;adapti a les seves necessitats.[\/vc_column_text][\/vc_column][vc_column width=&#8221;1\/4&#8243;][vc_single_image image=&#8221;15116&#8243; img_size=&#8221;full&#8221; css_animation=&#8221;bounceIn&#8221;][vc_column_text css_animation=&#8221;fadeInUp&#8221;]<\/p>\n<h2 style=\"text-align: center;\">TALONARIS<\/h2>\n<p>Imprimim els seus <strong>talonaris<\/strong> de <strong>factures<\/strong> i <strong>albarans<\/strong> en el format que necessiti, A4, A5, A6, etc. Tamb\u00e9 l&#8217;hi lliurem en talonaris, tant encolats com grapats, amb c\u00f2pia simple o doble si ho necessita.[\/vc_column_text][\/vc_column][vc_column width=&#8221;1\/4&#8243;][vc_single_image image=&#8221;15098&#8243; img_size=&#8221;full&#8221; css_animation=&#8221;bounceIn&#8221;][vc_column_text css_animation=&#8221;fadeInUp&#8221;]<\/p>\n<h2 style=\"text-align: center;\">CARTELLS<\/h2>\n<p>Imprimim els seus <strong>cartells<\/strong> sobre el format que necessiti, A1, A2, A3, etc. sobre el tipus i gramatge de paper ideal per a la seva publicitat.[\/vc_column_text][\/vc_column][vc_column width=&#8221;1\/4&#8243;][vc_single_image image=&#8221;15103&#8243; img_size=&#8221;full&#8221; css_animation=&#8221;bounceIn&#8221;][vc_column_text css_animation=&#8221;fadeInUp&#8221;]<\/p>\n<h2 style=\"text-align: center;\">CARPETES<\/h2>\n<p>La impressi\u00f3 i encunyat de tot tipus de <strong>carpetes<\/strong> no t\u00e9 secret per a nosaltres.[\/vc_column_text][\/vc_column][\/vc_row][vc_row][vc_column width=&#8221;1\/4&#8243;][vc_single_image image=&#8221;15108&#8243; img_size=&#8221;full&#8221; css_animation=&#8221;bounceIn&#8221;][vc_column_text css_animation=&#8221;fadeInUp&#8221;]<\/p>\n<h2 style=\"text-align: center;\">CAT\u00c0LEGS<\/h2>\n<p>Imprimim i enquadernem les seves <strong>revistes<\/strong>, <strong>cat\u00e0legs<\/strong> i <strong>publicacions<\/strong>, en el format que necessiti i amb el tipus d&#8217;enquadernat que necessiti.[\/vc_column_text][\/vc_column][vc_column width=&#8221;1\/4&#8243;][vc_single_image image=&#8221;15094&#8243; img_size=&#8221;full&#8221; css_animation=&#8221;bounceIn&#8221;][vc_column_text css_animation=&#8221;fadeInUp&#8221;]<\/p>\n<h2 style=\"text-align: center;\">FULLS<\/h2>\n<p>Imprimim el seu <strong>paper de cartes<\/strong> i <strong>fulles<\/strong> sobre el format que necessiti, A4, A5, A6, etc. Tamb\u00e9 l&#8217;hi lliurem en talonaris encolats si ho necessita.[\/vc_column_text][\/vc_column][vc_column width=&#8221;1\/4&#8243;][vc_single_image image=&#8221;15096&#8243; img_size=&#8221;full&#8221; css_animation=&#8221;bounceIn&#8221;][vc_column_text css_animation=&#8221;fadeInUp&#8221;]<\/p>\n<h2 style=\"text-align: center;\">TR\u00cdPTICS<\/h2>\n<p>En Impremta Llorens som especialistes en la impressi\u00f3 de <strong>tr\u00edptics<\/strong>, en totes les seves variants de plegat i fes.[\/vc_column_text][\/vc_column][vc_column width=&#8221;1\/4&#8243;][vc_single_image image=&#8221;15100&#8243; img_size=&#8221;full&#8221; css_animation=&#8221;bounceIn&#8221;][vc_column_text css_animation=&#8221;fadeInUp&#8221;]<\/p>\n<h2 style=\"text-align: center;\">FORMATS ESPECIALS<\/h2>\n<p>Si t\u00e9 un projecte que requereix d&#8217;un <strong>Format especial<\/strong>, en Impremta Llorens s&#8217;ho vam imprimir en la grand\u00e0ria, acabat i color que necessiti.[\/vc_column_text][\/vc_column][\/vc_row][vc_row][vc_column][vc_empty_space height=&#8221;30px&#8221;][vc_text_separator title=&#8221;SOL\u00b7LICITA&#8217;NS PRESSUPOST SENSE COMPROM\u00cdS&#8221; color=&#8221;blue&#8221; css_animation=&#8221;fadeInUp&#8221;][\/vc_column][\/vc_row][vc_row][vc_column width=&#8221;2\/3&#8243;][vc_gmaps link=&#8221;#E-8_JTNDaWZyYW1lJTIwc3JjJTNEJTIyaHR0cHMlM0ElMkYlMkZ3d3cuZ29vZ2xlLmNvbSUyRm1hcHMlMkZlbWJlZCUzRnBiJTNEJTIxMW0xOCUyMTFtMTIlMjExbTMlMjExZDE4NTAuNzY0OTYyODk0NTI2MiUyMTJkLTAuMTAyNzc5NDY1MDk0NjI4MTUlMjEzZDM5LjkzODQ5MTUyNTYzNDExJTIxMm0zJTIxMWYwJTIxMmYwJTIxM2YwJTIxM20yJTIxMWkxMDI0JTIxMmk3NjglMjE0ZjEzLjElMjEzbTMlMjExbTIlMjExczB4ZDYwMDZlMmI3ZjdjMGRmJTI1M0EweDI0ZmU0OWQxNmZhMTQ5Y2QlMjEyc0ltcHJlbXRhJTJCTGxvcmVucyUyMTVlMCUyMTNtMiUyMTFzY2ElMjEyc2VzJTIxNHYxNDg0NzU1ODUwNjM3JTIyJTIwd2lkdGglM0QlMjI2MDAlMjIlMjBoZWlnaHQlM0QlMjI3MDAlMjIlMjBmcmFtZWJvcmRlciUzRCUyMjAlMjIlMjBzdHlsZSUzRCUyMmJvcmRlciUzQTAlMjIlMjBhbGxvd2Z1bGxzY3JlZW4lM0UlM0MlMkZpZnJhbWUlM0U=&#8221; css_animation=&#8221;bounceInLeft&#8221;][\/vc_column][vc_column width=&#8221;1\/3&#8243;][vc_column_text css_animation=&#8221;bounceInRight&#8221;]Tel\u00e8fon\u00a0<strong>964 535 683<\/strong><br \/>\nM\u00f2bil <strong>601 389 562<\/strong><br \/>\n<a href=\"mailto:admin@imprentallorens.es\">admin@imprentallorens.es<\/a><br \/>\nCarrer Mare de D\u00e9u dels \u00c0ngels, 17,<br \/>\nCP 12540 Vila-real, Castell\u00f3[\/vc_column_text]<div role=\"form\" class=\"wpcf7\" id=\"wpcf7-f15194-o1\" lang=\"es-ES\" dir=\"ltr\">\n<div class=\"screen-reader-response\" role=\"alert\" aria-live=\"polite\"><\/div>\n<form action=\"\/ca\/wp-json\/wp\/v2\/pages\/15176#wpcf7-f15194-o1\" method=\"post\" class=\"wpcf7-form init\" novalidate=\"novalidate\">\n<div style=\"display: none;\">\n<input type=\"hidden\" name=\"_wpcf7\" value=\"15194\" \/>\n<input type=\"hidden\" name=\"_wpcf7_version\" value=\"5.2.1\" \/>\n<input type=\"hidden\" name=\"_wpcf7_locale\" value=\"es_ES\" \/>\n<input type=\"hidden\" name=\"_wpcf7_unit_tag\" value=\"wpcf7-f15194-o1\" \/>\n<input type=\"hidden\" name=\"_wpcf7_container_post\" value=\"0\" \/>\n<input type=\"hidden\" name=\"_wpcf7_posted_data_hash\" value=\"\" \/>\n<\/div>\n<p><label> NOM (obligatori)<br \/>\n    <span class=\"wpcf7-form-control-wrap your-name\"><input type=\"text\" name=\"your-name\" value=\"\" size=\"40\" class=\"wpcf7-form-control wpcf7-text wpcf7-validates-as-required\" aria-required=\"true\" aria-invalid=\"false\" \/><\/span> <\/label><\/p>\n<p><label> EMAIL (obligatori)<br \/>\n    <span class=\"wpcf7-form-control-wrap your-email\"><input type=\"email\" name=\"your-email\" value=\"\" size=\"40\" class=\"wpcf7-form-control wpcf7-text wpcf7-email wpcf7-validates-as-required wpcf7-validates-as-email\" aria-required=\"true\" aria-invalid=\"false\" \/><\/span> <\/label><\/p>\n<p><label> MISSATGE<br \/>\n    <span class=\"wpcf7-form-control-wrap your-message\"><textarea name=\"your-message\" cols=\"40\" rows=\"10\" class=\"wpcf7-form-control wpcf7-textarea\" aria-invalid=\"false\"><\/textarea><\/span> <\/label><\/p>\n<p><input type=\"submit\" value=\"ENVIAR\" class=\"wpcf7-form-control wpcf7-submit\" \/><\/p>\n<div class=\"wpcf7-response-output\" role=\"alert\" aria-hidden=\"true\"><\/div><\/form><\/div>[\/vc_column][\/vc_row]<\/p>\n<\/div>","protected":false},"excerpt":{"rendered":"<p>[vc_row][vc_column][vc_column_text]La Impressi\u00f3 Offset no t\u00e9 secrets per Impremta Llorens, som capa\u00e7os d&#8217;oferir als nostres clients la m\u00e0xima qualitat per a grans tirades de les seves impresos gr\u00e0cies a la nostra tecnologia offset.[\/vc_column_text][\/vc_column][\/vc_row][vc_row][vc_column width=&#8221;1\/4&#8243;][vc_single_image image=&#8221;15101&#8243; img_size=&#8221;full&#8221; css_animation=&#8221;bounceIn&#8221;][vc_column_text css_animation=&#8221;fadeInUp&#8221;] D\u00cdPTICS En Impremta Llorens imprimim les seves d\u00edptics amb la major qualitat possible, amb el format, plegat i&hellip;<\/p>\n","protected":false},"author":1,"featured_media":0,"parent":0,"menu_order":0,"comment_status":"closed","ping_status":"closed","template":"","meta":{"rs_blank_template":"","rs_page_bg_color":"","slide_template_v7":""},"_links":{"self":[{"href":"https:\/\/www.imprentallorens.es\/ca\/wp-json\/wp\/v2\/pages\/15176"}],"collection":[{"href":"https:\/\/www.imprentallorens.es\/ca\/wp-json\/wp\/v2\/pages"}],"about":[{"href":"https:\/\/www.imprentallorens.es\/ca\/wp-json\/wp\/v2\/types\/page"}],"author":[{"embeddable":true,"href":"https:\/\/www.imprentallorens.es\/ca\/wp-json\/wp\/v2\/users\/1"}],"replies":[{"embeddable":true,"href":"https:\/\/www.imprentallorens.es\/ca\/wp-json\/wp\/v2\/comments?post=15176"}],"version-history":[{"count":4,"href":"https:\/\/www.imprentallorens.es\/ca\/wp-json\/wp\/v2\/pages\/15176\/revisions"}],"predecessor-version":[{"id":15200,"href":"https:\/\/www.imprentallorens.es\/ca\/wp-json\/wp\/v2\/pages\/15176\/revisions\/15200"}],"wp:attachment":[{"href":"https:\/\/www.imprentallorens.es\/ca\/wp-json\/wp\/v2\/media?parent=15176"}],"curies":[{"name":"wp","href":"https:\/\/api.w.org\/{rel}","templated":true}]}}