{"id":15224,"date":"2017-05-03T10:34:44","date_gmt":"2017-05-03T10:34:44","guid":{"rendered":"http:\/\/www.imprentallorens.es\/ca\/cuno-caucho\/"},"modified":"2017-05-03T13:31:32","modified_gmt":"2017-05-03T13:31:32","slug":"cuno-caucho","status":"publish","type":"page","link":"http:\/\/www.imprentallorens.es\/ca\/cuno-caucho\/","title":{"rendered":"Segell Cautx\u00fa"},"content":{"rendered":"<div class=\"wpb-content-wrapper\"><p>[vc_row][vc_column width=&#8221;3\/4&#8243;][vc_column_text css_animation=&#8221;fadeInLeft&#8221;]<\/p>\n<p style=\"text-align: left;\">En Impremta <span class=\"hiddenSpellError\">Llorens<\/span> podem fabricar Segells de cautx\u00fa i encunys de tota mena.<strong> Podem fabricar de forma r\u00e0pida i en menys de 48 hores podem enviar-lo a qualsevol part d&#8217;Espanya.<\/strong><\/p>\n<p style=\"text-align: left;\">Li confeccionem el seu segell personalitzat, nom\u00e9s ha d&#8217;enviar el seu disseny i nosaltres ens encarreguem d&#8217;ajustar el producte a les seues necessitats. Truque&#8217;ns i ens posarem en contacte per oferir-los tota la nostra varietat en segells i encunys: Segells autom\u00e0tics, datadors autom\u00e0tics, segells de cautx\u00fa tradicionals, numeradors&#8230;<\/p>\n<p style=\"text-align: left;\">Comptem amb les marques m\u00e9s reconegudes en aquest sector, que ens permet tenir a la seua disposici\u00f3 una \u00e0mplia gamma de productes de marcatge, aix\u00ed com els seus respectius recanvis de coixinets i tintes.<\/p>\n<p>[\/vc_column_text][\/vc_column][vc_column width=&#8221;1\/4&#8243;][vc_single_image image=&#8221;15105&#8243; img_size=&#8221;full&#8221; css_animation=&#8221;bounceIn&#8221;][\/vc_column][\/vc_row][vc_row][vc_column][vc_empty_space height=&#8221;30px&#8221;][vc_text_separator title=&#8221;SOL\u00b7LICITA&#8217;NS PRESSUPOST SENSE COMPROM\u00cdS&#8221; color=&#8221;blue&#8221; css_animation=&#8221;fadeInUp&#8221;][\/vc_column][\/vc_row][vc_row][vc_column width=&#8221;2\/3&#8243;][vc_gmaps link=&#8221;#E-8_JTNDaWZyYW1lJTIwc3JjJTNEJTIyaHR0cHMlM0ElMkYlMkZ3d3cuZ29vZ2xlLmNvbSUyRm1hcHMlMkZlbWJlZCUzRnBiJTNEJTIxMW0xOCUyMTFtMTIlMjExbTMlMjExZDE4NTAuNzY0OTYyODk0NTI2MiUyMTJkLTAuMTAyNzc5NDY1MDk0NjI4MTUlMjEzZDM5LjkzODQ5MTUyNTYzNDExJTIxMm0zJTIxMWYwJTIxMmYwJTIxM2YwJTIxM20yJTIxMWkxMDI0JTIxMmk3NjglMjE0ZjEzLjElMjEzbTMlMjExbTIlMjExczB4ZDYwMDZlMmI3ZjdjMGRmJTI1M0EweDI0ZmU0OWQxNmZhMTQ5Y2QlMjEyc0ltcHJlbXRhJTJCTGxvcmVucyUyMTVlMCUyMTNtMiUyMTFzY2ElMjEyc2VzJTIxNHYxNDg0NzU1ODUwNjM3JTIyJTIwd2lkdGglM0QlMjI2MDAlMjIlMjBoZWlnaHQlM0QlMjI3MDAlMjIlMjBmcmFtZWJvcmRlciUzRCUyMjAlMjIlMjBzdHlsZSUzRCUyMmJvcmRlciUzQTAlMjIlMjBhbGxvd2Z1bGxzY3JlZW4lM0UlM0MlMkZpZnJhbWUlM0U=&#8221; css_animation=&#8221;bounceInLeft&#8221;][\/vc_column][vc_column width=&#8221;1\/3&#8243;][vc_column_text css_animation=&#8221;bounceInRight&#8221;]<\/p>\n<div class=\"wpb_text_column wpb_content_element bounceInRight animate-element animation-triggered start-animation\">\n<div class=\"wpb_wrapper\">\n<p>Tel\u00e8fon\u00a0<strong>964 535 683<\/strong><br \/>\nM\u00f2bil <strong>601 389 562<\/strong><br \/>\n<a href=\"mailto:admin@imprentallorens.es\">admin@imprentallorens.es<\/a><br \/>\nCarrer Mare de D\u00e9u dels \u00c0ngels, 17,<br \/>\nCP 12540 Vila-real, Castell\u00f3<\/p>\n<\/div>\n<\/div>\n<div id=\"wpcf7-f15194-p15159-o1\" class=\"wpcf7\" dir=\"ltr\" lang=\"es-ES\"><\/div>\n<p>[\/vc_column_text]<div role=\"form\" class=\"wpcf7\" id=\"wpcf7-f15194-o1\" lang=\"es-ES\" dir=\"ltr\">\n<div class=\"screen-reader-response\" role=\"alert\" aria-live=\"polite\"><\/div>\n<form action=\"\/ca\/wp-json\/wp\/v2\/pages\/15224#wpcf7-f15194-o1\" method=\"post\" class=\"wpcf7-form init\" novalidate=\"novalidate\">\n<div style=\"display: none;\">\n<input type=\"hidden\" name=\"_wpcf7\" value=\"15194\" \/>\n<input type=\"hidden\" name=\"_wpcf7_version\" value=\"5.2.1\" \/>\n<input type=\"hidden\" name=\"_wpcf7_locale\" value=\"es_ES\" \/>\n<input type=\"hidden\" name=\"_wpcf7_unit_tag\" value=\"wpcf7-f15194-o1\" \/>\n<input type=\"hidden\" name=\"_wpcf7_container_post\" value=\"0\" \/>\n<input type=\"hidden\" name=\"_wpcf7_posted_data_hash\" value=\"\" \/>\n<\/div>\n<p><label> NOM (obligatori)<br \/>\n    <span class=\"wpcf7-form-control-wrap your-name\"><input type=\"text\" name=\"your-name\" value=\"\" size=\"40\" class=\"wpcf7-form-control wpcf7-text wpcf7-validates-as-required\" aria-required=\"true\" aria-invalid=\"false\" \/><\/span> <\/label><\/p>\n<p><label> EMAIL (obligatori)<br \/>\n    <span class=\"wpcf7-form-control-wrap your-email\"><input type=\"email\" name=\"your-email\" value=\"\" size=\"40\" class=\"wpcf7-form-control wpcf7-text wpcf7-email wpcf7-validates-as-required wpcf7-validates-as-email\" aria-required=\"true\" aria-invalid=\"false\" \/><\/span> <\/label><\/p>\n<p><label> MISSATGE<br \/>\n    <span class=\"wpcf7-form-control-wrap your-message\"><textarea name=\"your-message\" cols=\"40\" rows=\"10\" class=\"wpcf7-form-control wpcf7-textarea\" aria-invalid=\"false\"><\/textarea><\/span> <\/label><\/p>\n<p><input type=\"submit\" value=\"ENVIAR\" class=\"wpcf7-form-control wpcf7-submit\" \/><\/p>\n<div class=\"wpcf7-response-output\" role=\"alert\" aria-hidden=\"true\"><\/div><\/form><\/div>[\/vc_column][\/vc_row]<\/p>\n<\/div>","protected":false},"excerpt":{"rendered":"<p>[vc_row][vc_column width=&#8221;3\/4&#8243;][vc_column_text css_animation=&#8221;fadeInLeft&#8221;] En Impremta Llorens podem fabricar Segells de cautx\u00fa i encunys de tota mena. Podem fabricar de forma r\u00e0pida i en menys de 48 hores podem enviar-lo a qualsevol part d&#8217;Espanya. Li confeccionem el seu segell personalitzat, nom\u00e9s ha d&#8217;enviar el seu disseny i nosaltres ens encarreguem d&#8217;ajustar el producte a les seues&hellip;<\/p>\n","protected":false},"author":1,"featured_media":0,"parent":0,"menu_order":0,"comment_status":"closed","ping_status":"closed","template":"","meta":{"rs_blank_template":"","rs_page_bg_color":"","slide_template_v7":""},"_links":{"self":[{"href":"http:\/\/www.imprentallorens.es\/ca\/wp-json\/wp\/v2\/pages\/15224"}],"collection":[{"href":"http:\/\/www.imprentallorens.es\/ca\/wp-json\/wp\/v2\/pages"}],"about":[{"href":"http:\/\/www.imprentallorens.es\/ca\/wp-json\/wp\/v2\/types\/page"}],"author":[{"embeddable":true,"href":"http:\/\/www.imprentallorens.es\/ca\/wp-json\/wp\/v2\/users\/1"}],"replies":[{"embeddable":true,"href":"http:\/\/www.imprentallorens.es\/ca\/wp-json\/wp\/v2\/comments?post=15224"}],"version-history":[{"count":3,"href":"http:\/\/www.imprentallorens.es\/ca\/wp-json\/wp\/v2\/pages\/15224\/revisions"}],"predecessor-version":[{"id":15227,"href":"http:\/\/www.imprentallorens.es\/ca\/wp-json\/wp\/v2\/pages\/15224\/revisions\/15227"}],"wp:attachment":[{"href":"http:\/\/www.imprentallorens.es\/ca\/wp-json\/wp\/v2\/media?parent=15224"}],"curies":[{"name":"wp","href":"https:\/\/api.w.org\/{rel}","templated":true}]}}