{"id":15181,"date":"2017-01-27T11:23:15","date_gmt":"2017-01-27T11:23:15","guid":{"rendered":"http:\/\/www.imprentallorens.es\/ca\/?page_id=15181"},"modified":"2021-12-02T10:26:15","modified_gmt":"2021-12-02T10:26:15","slug":"inici","status":"publish","type":"page","link":"http:\/\/www.imprentallorens.es\/ca\/","title":{"rendered":"Inici"},"content":{"rendered":"<div class=\"wpb-content-wrapper\"><p>[vc_row][vc_column css=&#8221;.vc_custom_1484239387168{margin-top: -40px !important;}&#8221;][rev_slider_vc alias=&#8221;slidercatala&#8221;][\/vc_column][\/vc_row][vc_row][vc_column width=&#8221;1\/4&#8243;][vc_single_image image=&#8221;15032&#8243; img_size=&#8221;full&#8221; css_animation=&#8221;fadeInUpBig&#8221;][vc_column_text]<\/p>\n<h3 style=\"text-align: center;\">IMPREMTA OFFSET<\/h3>\n<p>La Impressi\u00f3 Offset no t\u00e9 secrets per Impremta Llorens, som capa\u00e7os d&#8217;oferir als nostres clients la m\u00e0xima qualitat per a grans tirades de les seves impresos gr\u00e0cies a la nostra tecnologia offset.[\/vc_column_text][vc_btn title=&#8221;IMPREMTA OFFSET&#8221; color=&#8221;blue&#8221; align=&#8221;center&#8221; i_icon_fontawesome=&#8221;fa fa-file-image-o&#8221; css_animation=&#8221;flipInX&#8221; add_icon=&#8221;true&#8221; link=&#8221;url:http%3A%2F%2Fwww.imprentallorens.es%2Fca%2Fimprenta-offset%2F|||&#8221;][\/vc_column][vc_column width=&#8221;1\/4&#8243;][vc_single_image image=&#8221;15053&#8243; img_size=&#8221;full&#8221; css_animation=&#8221;fadeInUpBig&#8221;][vc_column_text]<\/p>\n<h3 style=\"text-align: center;\">IMPREMTA DIGITAL<\/h3>\n<p>En Impremta Llorens som especialistes en imprimir Digital de tot tipus de Cartells, Flyers, Tr\u00edptics, Targetes, Invitacions &#8230; Gr\u00e0cies a la nostra tecnologia digital podem imprimir des d&#8217;una simple c\u00f2pia fins el tiratge que necessitis, per fer arribar les teves impressions el m\u00e9s lluny possible.[\/vc_column_text][vc_btn title=&#8221;IMPREMTA DIGITAL&#8221; color=&#8221;blue&#8221; align=&#8221;center&#8221; i_icon_fontawesome=&#8221;fa fa-file-pdf-o&#8221; css_animation=&#8221;flipInX&#8221; add_icon=&#8221;true&#8221; link=&#8221;url:http%3A%2F%2Fwww.imprentallorens.es%2Fca%2Fimpremta-digital%2F|||&#8221;][\/vc_column][vc_column width=&#8221;1\/4&#8243;][vc_single_image image=&#8221;15052&#8243; img_size=&#8221;full&#8221; css_animation=&#8221;fadeInUpBig&#8221;][vc_column_text]<\/p>\n<h3 style=\"text-align: center;\">ENQUADERNACIONS<\/h3>\n<p>En Impremta Llorens podem enquadernar els teus publicacions de forma artesanal o industrial, a m\u00e0 o amb espiral o wire-o. Buscant sempre la m\u00e0xima efic\u00e0cia i el millor acabat per al seu projecte. La nostra atenci\u00f3 personalitzada, al costat de la qualitat dels nostres treballs i materials, s\u00f3n els nostres principals exponents.[\/vc_column_text][vc_btn title=&#8221;ENQUADERNACI\u00d3&#8221; color=&#8221;blue&#8221; align=&#8221;center&#8221; i_icon_fontawesome=&#8221;fa fa-book&#8221; css_animation=&#8221;flipInX&#8221; add_icon=&#8221;true&#8221; link=&#8221;url:http%3A%2F%2Fwww.imprentallorens.es%2Fca%2Fencuadernacion%2F|||&#8221;][\/vc_column][vc_column width=&#8221;1\/4&#8243;][vc_single_image image=&#8221;15051&#8243; img_size=&#8221;full&#8221; css_animation=&#8221;fadeInUpBig&#8221;][vc_column_text]<\/p>\n<h3 style=\"text-align: center;\">DISSENY<\/h3>\n<p>Si t\u00e9 una idea, per\u00f2 no \u00e9s capa\u00e7 de plasmar-la, en Impremta Llorens podem dissenyar les seves impressions, des de la targeta de visita de la seva empresa, fins a la revista o cat\u00e0leg dels seus productes i serveis.[\/vc_column_text][vc_btn title=&#8221;DISSENY&#8221; color=&#8221;blue&#8221; align=&#8221;center&#8221; i_icon_fontawesome=&#8221;fa fa-pencil&#8221; css_animation=&#8221;flipInX&#8221; add_icon=&#8221;true&#8221; link=&#8221;url:http%3A%2F%2Fwww.imprentallorens.es%2Fca%2Fdisseny%2F|||&#8221;][\/vc_column][\/vc_row][vc_row type=&#8221;vc_default&#8221; css=&#8221;.vc_custom_1493807332913{padding-top: 50px !important;padding-bottom: 50px !important;background-image: url(http:\/\/www.imprentallorens.es\/wp-content\/uploads\/2017\/01\/imprenta-calidad-llorens-cuno-vila-real.jpg?id=15210) !important;}&#8221;][vc_column][vc_cta h2=&#8221;Fabriquem el teu SEGELL de CAUTX\u00da en 48h&#8221; h2_font_container=&#8221;color:%23ffffff&#8221; h2_google_fonts=&#8221;font_family:Open%20Sans%3A300%2C300italic%2Cregular%2Citalic%2C600%2C600italic%2C700%2C700italic%2C800%2C800italic|font_style:400%20regular%3A400%3Anormal&#8221; txt_align=&#8221;right&#8221; shape=&#8221;square&#8221; style=&#8221;flat&#8221; color=&#8221;juicy-pink&#8221; add_button=&#8221;left&#8221; btn_title=&#8221;SEGELLS de CAUTX\u00da&#8221; css_animation=&#8221;slideInDown&#8221; use_custom_fonts_h2=&#8221;true&#8221; btn_link=&#8221;url:http%3A%2F%2Fwww.imprentallorens.es%2Fca%2Fcuno-caucho%2F|||&#8221; css=&#8221;.vc_custom_1638440659798{background-color: rgba(0,0,0,0.45) !important;*background-color: rgb(0,0,0) !important;}&#8221;]<\/p>\n<h3><span style=\"color: #ffffff;\">Sol\u00b7licita&#8217;ns PRESSUPOST sense cap tipus de Comprom\u00eds<\/span><\/h3>\n<p>[\/vc_cta][\/vc_column][\/vc_row][vc_row][vc_column][vc_column_text]<\/p>\n<p style=\"text-align: left;\">Al febrer de l&#8217;any 1992 obr\u00edem les nostres portes amb la intenci\u00f3 de donar un servei d&#8217;impressi\u00f3 i tot el relacionat amb aix\u00f2 a la localitat de Vila-real. Els inicis van ser durs, per\u00f2 aviat ens vam anar fent un lloc al mercat, dedicant moltes hores i esfor\u00e7. A principis de l&#8217;any 1998 ens fic\u00e0vem de ple en un nou projecte innovador i il\u00b7lusionant, la impressi\u00f3 digital. Amb la revoluci\u00f3 d&#8217;aquestes impressores digitals, vam poder millorar en qualitat, en preu i en terminis de lliurament. Avui en dia, seguim sent pioners en aquest tipus d&#8217;impressi\u00f3, renovant equips constantment per oferir sempre el millor als nostres clients. La nostra millor basa sempre ha estat el tracte familiar cap als nostres clients, convertint-los a dia d&#8217;avui i despr\u00e9s de tants anys en amics. I no hi ha res m\u00e9s gratificant que veure clients nous que repeteixen, doncs confirma el seu grau de satisfacci\u00f3. No som els millors &#8230; ni tampoc pretenem ser-ho, per\u00f2 ens esforcem dia rere dia perqu\u00e8 el client que treballa amb nosaltres, surti totalment conven\u00e7ut.<\/p>\n<p>[\/vc_column_text][vc_cta h2=&#8221;Sol\u00b7licita&#8217;ns PRESSUPOST sense cap tipus de Comprom\u00eds&#8221; h2_font_container=&#8221;color:%23000000&#8243; h2_google_fonts=&#8221;font_family:Open%20Sans%3A300%2C300italic%2Cregular%2Citalic%2C600%2C600italic%2C700%2C700italic%2C800%2C800italic|font_style:400%20regular%3A400%3Anormal&#8221; color=&#8221;juicy-pink&#8221; add_button=&#8221;right&#8221; btn_title=&#8221;CONTACTE&#8221; css_animation=&#8221;slideInUp&#8221; use_custom_fonts_h2=&#8221;true&#8221; btn_link=&#8221;url:http%3A%2F%2Fwww.imprentallorens.es%2Fca%2Fcontacto%2F|||&#8221; css=&#8221;.vc_custom_1638440773388{background-image: url(http:\/\/www.imprentallorens.es\/wp-content\/uploads\/2016\/12\/coming-soon-the7-bg-90.jpg?id=135) !important;}&#8221;]<span style=\"color: #000000;\">En Impremta Llorens li facilitem pressupost per a qualsevol tipus d&#8217;impressi\u00f3 i treball sense cap tipus de comprom\u00eds. ENVIAMENTS A TOTA ESPANYA<\/span>[\/vc_cta][\/vc_column][\/vc_row]<\/p>\n<\/div>","protected":false},"excerpt":{"rendered":"<p>[vc_row][vc_column css=&#8221;.vc_custom_1484239387168{margin-top: -40px !important;}&#8221;][rev_slider_vc alias=&#8221;slidercatala&#8221;][\/vc_column][\/vc_row][vc_row][vc_column width=&#8221;1\/4&#8243;][vc_single_image image=&#8221;15032&#8243; img_size=&#8221;full&#8221; css_animation=&#8221;fadeInUpBig&#8221;][vc_column_text] IMPREMTA OFFSET La Impressi\u00f3 Offset no t\u00e9 secrets per Impremta Llorens, som capa\u00e7os d&#8217;oferir als nostres clients la m\u00e0xima qualitat per a grans tirades de les seves impresos gr\u00e0cies a la nostra tecnologia offset.[\/vc_column_text][vc_btn title=&#8221;IMPREMTA OFFSET&#8221; color=&#8221;blue&#8221; align=&#8221;center&#8221; i_icon_fontawesome=&#8221;fa fa-file-image-o&#8221; css_animation=&#8221;flipInX&#8221; add_icon=&#8221;true&#8221; link=&#8221;url:http%3A%2F%2Fwww.imprentallorens.es%2Fca%2Fimprenta-offset%2F|||&#8221;][\/vc_column][vc_column width=&#8221;1\/4&#8243;][vc_single_image image=&#8221;15053&#8243; img_size=&#8221;full&#8221;&hellip;<\/p>\n","protected":false},"author":1,"featured_media":0,"parent":0,"menu_order":0,"comment_status":"closed","ping_status":"closed","template":"","meta":{"rs_blank_template":"","rs_page_bg_color":"#ffffff","slide_template_v7":""},"_links":{"self":[{"href":"http:\/\/www.imprentallorens.es\/ca\/wp-json\/wp\/v2\/pages\/15181"}],"collection":[{"href":"http:\/\/www.imprentallorens.es\/ca\/wp-json\/wp\/v2\/pages"}],"about":[{"href":"http:\/\/www.imprentallorens.es\/ca\/wp-json\/wp\/v2\/types\/page"}],"author":[{"embeddable":true,"href":"http:\/\/www.imprentallorens.es\/ca\/wp-json\/wp\/v2\/users\/1"}],"replies":[{"embeddable":true,"href":"http:\/\/www.imprentallorens.es\/ca\/wp-json\/wp\/v2\/comments?post=15181"}],"version-history":[{"count":13,"href":"http:\/\/www.imprentallorens.es\/ca\/wp-json\/wp\/v2\/pages\/15181\/revisions"}],"predecessor-version":[{"id":15242,"href":"http:\/\/www.imprentallorens.es\/ca\/wp-json\/wp\/v2\/pages\/15181\/revisions\/15242"}],"wp:attachment":[{"href":"http:\/\/www.imprentallorens.es\/ca\/wp-json\/wp\/v2\/media?parent=15181"}],"curies":[{"name":"wp","href":"https:\/\/api.w.org\/{rel}","templated":true}]}}