{"id":15156,"date":"2017-01-27T09:51:50","date_gmt":"2017-01-27T09:51:50","guid":{"rendered":"http:\/\/www.imprentallorens.es\/ca\/?page_id=15156"},"modified":"2017-01-27T10:33:51","modified_gmt":"2017-01-27T10:33:51","slug":"avis-legal","status":"publish","type":"page","link":"http:\/\/www.imprentallorens.es\/ca\/avis-legal\/","title":{"rendered":"Avis Legal"},"content":{"rendered":"<p>En compliment amb el deure d&#8217;informaci\u00f3 recollit en l&#8217;article 10 de la Llei 34\/2002, de 11 de juliol, de Serveis de la Societat de la Informaci\u00f3 i del Comer\u00e7 Electr\u00f2nic a continuaci\u00f3 es declara www.imprentallorens.es com un lloc web propietat de IMPREMTA LLORENS CB amb NIF E12774600 (en endavant, &#8220;el prestador&#8221;) amb domicili a Carrer \u00c0ngels, 17 de Vila-real.<\/p>\n<h3>Responsabilitat<\/h3>\n<p>Tota persona que accedeixi a aquest lloc web assumeix el paper d&#8217;usuari, comprometent-se a l&#8217;observan\u00e7a i compliment rigor\u00f3s de les disposicions aqu\u00ed disposades, aix\u00ed com a qualsevol altra disposici\u00f3 legal que fora d&#8217;aplicaci\u00f3.<\/p>\n<p>El prestador s&#8217;eximeix de qualsevol tipus de responsabilitat derivada de la informaci\u00f3 publicada al seu lloc web i per la falta de disponibilitat (caigudes) del lloc el qual s&#8217;efectuar\u00e0 a m\u00e9s parades peri\u00f2diques per manteniments t\u00e8cnics. A m\u00e9s, el prestador es reserva el dret a modificar qualsevol tipus d&#8217;informaci\u00f3 que pogu\u00e9s apar\u00e8ixer al lloc web, sense que hi hagi obligaci\u00f3 de preavisar o posar en coneixement dels usuaris aquestes obligacions, entenent-se com suficient amb la publicaci\u00f3 al lloc web del prestador .<\/p>\n<h3>\u00das de Cookies<\/h3>\n<p>El lloc web del prestador pot utilitzar cookies (petits arxius de text que el servidor envia a l&#8217;ordinador de qui accedeix a la p\u00e0gina). Es tracta d&#8217;una t\u00e8cnica utilitzada de manera habitual a Internet per dur a terme determinades funcions que s\u00f3n considerades imprescindibles per al correcte funcionament i visualitzaci\u00f3 del lloc. Les cookies utilitzades en el lloc web tenen, en tot cas, car\u00e0cter temporal amb l&#8217;\u00fanica finalitat de fer m\u00e9s efica\u00e7 la seva transmissi\u00f3 ulterior i desapareixen en acabar la sessi\u00f3 de l&#8217;usuari. En cap cas s&#8217;utilitzaran les cookies per recollir informaci\u00f3 de car\u00e0cter personal.<\/p>\n<p>Des del lloc web del client \u00e9s possible que es redirigeixi a continguts de tercers llocs web. At\u00e8s que el prestador no pot controlar sempre els continguts introdu\u00efts pels tercers en els seus llocs web, aquest no assumeix cap tipus de responsabilitat respecte a aquests continguts. En tot cas, el prestador es compromet a la retirada immediata de qualsevol contingut que pogu\u00e9s contravenir la legislaci\u00f3 nacional o internacional, la moral o l&#8217;ordre p\u00fablic, procedint a la retirada immediata de la redirecci\u00f3 a dit lloc web, posant en coneixement de les autoritats competents el contingut en q\u00fcesti\u00f3.<\/p>\n<h3>Protecci\u00f3 de dades personals<\/h3>\n<p>El prestador compleix amb la normativa espanyola de protecci\u00f3 de dades de car\u00e0cter personal, i garanteix el compliment \u00edntegre de les obligacions disposades la Llei Org\u00e0nica 15\/1999, de 13 de desembre, de protecci\u00f3 de dades de car\u00e0cter personal (LOPD), el Reial Decret 1720\/2007, de 21 de desembre, pel qual s&#8217;aprova el Reglament de desenvolupament de la LOPD i altra normativa vigent en cada moment, i vetlla per garantir un correcte \u00fas i tractament de les dades personals de l&#8217;usuari.<\/p>\n<h3>Pol\u00edtica anti-spam<\/h3>\n<p>El prestador es declara completament en contra de l&#8217;enviament de comunicacions comercials no sol\u00b7licitades i a qualsevol tipus de conducta o manifestaci\u00f3 coneguda com &#8220;spam&#8221;, aix\u00ed mateix es declara comprom\u00e8s amb la lluita contra aquest tipus de pr\u00e0ctiques abusives.<\/p>\n<p>Per tant, el prestador garanteix a l&#8217;usuari a que sota cap concepte les dades personals recollides en el lloc web seran cedits, compartits, transferits, ni venuts a cap tercer.<\/p>\n<p>Per les mateixes raons, el proc\u00e9s de registre no ha de ser utilitzat per inscriure adreces de correu de persones alienes sense el consentiment expr\u00e9s de les persones afectades. [Nom-lloc-web] implementa com contramesura a aquesta pr\u00e0ctiques una llista de correu de tipus double opt-in que necessita la confirmaci\u00f3 explicita per part del titular del compte de correu electr\u00f2nic indicada com a adre\u00e7a de subscripci\u00f3, abans de rebre comunicacions per correu electr\u00f2nic.<\/p>\n<p>En el cas que tot i aix\u00ed un usuari rebi comunicacions d&#8217;aquest lloc web sense haver-se registrat, o sense haver donat el seu consentiment expr\u00e9s a aquest registre, pot cancel\u00b7lar la subscripci\u00f3 des dels enlla\u00e7os que es proporcionen en la pr\u00f2pia comunicaci\u00f3.<\/p>\n<p>A m\u00e9s, l&#8217;usuari pot posar-se en contacte amb nosaltres mitjan\u00e7ant el formulari de contacte que es mant\u00e9 en el lloc web, tant per a comunicar els fets com per a sol\u00b7licitar l&#8217;eliminaci\u00f3 immediata de les seves dades del nostre sistema.<\/p>\n<h3>Consentiment al tractament de les dades personals de l&#8217;usuari<\/h3>\n<p>En el marc de les seves activitats, www.imprentallorens.es disposa de la possibilitat de registre d&#8217;usuaris per a l&#8217;enviament de comunicacions per correu electr\u00f2nic, efectuar comentaris al blog i enviar missatges a trav\u00e9s del formulari de contacte.<\/p>\n<p>L&#8217;usuari mitjan\u00e7ant els actes de subscripci\u00f3 al bloc, la realitzaci\u00f3 comentaris o el formulari de contacte estar\u00e0 donant el seu consentiment expr\u00e9s al tractament dels personals proporcionades segons el que disposa l&#8217;article 6 de la LOPD. L&#8217;usuari podr\u00e0 exercir els seus drets en els termes que disposa l&#8217;article 5 de la LOPD.<\/p>\n<p>Aquests mateixos actes impliquen aix\u00ed mateix el consentiment expr\u00e9s de l&#8217;usuari a la transfer\u00e8ncia internacional de dades que es produeix en termes de la LOPD causa de la ubicaci\u00f3 f\u00edsica de les instal\u00b7lacions dels prove\u00efdors dalt esmentats.<\/p>\n<p>Les dades de car\u00e0cter personal sol\u00b7licitades en aquestes activitats, quedaran incorporades a un fitxer la finalitat \u00e9s la comunicaci\u00f3 de novetats relatives al lloc web de [nom-lloc-web] actuant com a responsable del fitxer el prestador. Els camps marcats amb asterisc s\u00f3n d&#8217;emplenament obligatori, sent impossible realitzar la finalitat expressada si no s&#8217;aporten aquestes dades. Queda igualment informat de la possibilitat d&#8217;exercitar els drets que s&#8217;indiquen en l&#8217;apartat relatiu als Drets de l&#8217;usuari.<\/p>\n<h3>Drets de l&#8217;usuari<\/h3>\n<p>De conformitat amb el que estableix l&#8217;article 5 de la LOPD, s&#8217;informa a l&#8217;usuari que la finalitat exclusiva de la base de dades de registre \u00e9s l&#8217;enviament d&#8217;informaci\u00f3 sobre novetats relacionades amb el lloc web www.ventanaspvc53.com. \u00danicament els titulars tindran acc\u00e9s a les seves dades, i en cap cas, aquestes dades seran cedides, compartits, transferits, ni venuts a cap tercer.<\/p>\n<p>D&#8217;acord amb el que disposa la LOPD, l&#8217;usuari en qualsevol moment podr\u00e0 exercitar els seus drets d&#8217;acc\u00e9s, rectificaci\u00f3, cancel\u00b7laci\u00f3, i oposici\u00f3 davant del prestador.<\/p>\n<p>Per facilitar l&#8217;exercici d&#8217;aquests drets es facilita en totes les comunicacions un enlla\u00e7 de sol\u00b7licitud de baixa que redundar\u00e0 en l&#8217;eliminaci\u00f3 immediata de les dades personals de l&#8217;usuari de la nostra base de dades.<\/p>\n<h3>Enlla\u00e7os d&#8217;afiliaci\u00f3<\/h3>\n<p>www.ventanaspvc53.com utilitza ocasionalment enlla\u00e7os d&#8217;afiliaci\u00f3 de productes i serveis de marques que hagin establert un programa d&#8217;afiliats. Aquests enlla\u00e7os es fan servir exclusivament despr\u00e9s de fer servir aquests productes i serveis, o b\u00e9, haver realitzat proves que permetin valorar que compleixen amb un adequat nivell de qualitat.<\/p>\n<p>El prestador es compromet a no incloure enlla\u00e7os afiliats arbitraris a productes que no compleixin amb les condicions abans descrites entenent a m\u00e9s que aquest tipus de pr\u00e0ctiques resultarien molt contraproduents per a la reputaci\u00f3 del propi lloc web que els promociona.<\/p>\n<h3>Propietat Intel\u00b7lectual i \u00fas dels continguts<\/h3>\n<p>El lloc web www.imprentallorens.es, incloent a t\u00edtol enunciatiu per\u00f2 no limitatiu la seva programaci\u00f3, edici\u00f3, compilaci\u00f3 i altres elements necessaris per al seu funcionament, els dissenys, logotips, text i \/ o gr\u00e0fics s\u00f3n propietat del prestador o, si escau disposa de llic\u00e8ncia o autoritzaci\u00f3 expressa per part dels autors.<\/p>\n<p>Qualsevol \u00fas no autoritzat pr\u00e8viament per part del prestador ser\u00e0 considerat un incompliment greu dels drets de propietat intel\u00b7lectual o industrial de l&#8217;autor.<\/p>\n<p>Els dissenys, logotips, text i \/ o gr\u00e0fics aliens al prestador i que poguessin apar\u00e8ixer en el lloc web, pertanyen als seus respectius propietaris, sent ells mateixos responsables de qualsevol possible controv\u00e8rsia que pogu\u00e9s suscitar respecte als mateixos. En tot cas, el prestador compta amb l&#8217;autoritzaci\u00f3 expressa i pr\u00e8via per part dels mateixos.<\/p>\n<p>Per realitzar qualsevol tipus d&#8217;observaci\u00f3 respecte a possibles incompliments dels drets de propietat intel\u00b7lectual o industrial, aix\u00ed com sobre qualsevol dels continguts del lloc web, pot fer-ho mitjan\u00e7ant el formulari de contacte que es mant\u00e9 en el lloc web.<\/p>\n<h3>Llei Aplicable i Jurisdicci\u00f3<\/h3>\n<p>Per a la resoluci\u00f3 de totes les controv\u00e8rsies o q\u00fcestions relacionades amb el present lloc web o de les activitats en ell desenvolupades, ser\u00e0 d&#8217;aplicaci\u00f3 la legislaci\u00f3 espanyola, a la qual se sotmeten expressament les parts.<\/p>\n","protected":false},"excerpt":{"rendered":"<p>En compliment amb el deure d&#8217;informaci\u00f3 recollit en l&#8217;article 10 de la Llei 34\/2002, de 11 de juliol, de Serveis de la Societat de la Informaci\u00f3 i del Comer\u00e7 Electr\u00f2nic a continuaci\u00f3 es declara www.imprentallorens.es com un lloc web propietat de IMPREMTA LLORENS CB amb NIF E12774600 (en endavant, &#8220;el prestador&#8221;) amb domicili a Carrer&hellip;<\/p>\n","protected":false},"author":1,"featured_media":0,"parent":0,"menu_order":0,"comment_status":"closed","ping_status":"closed","template":"","meta":{"rs_blank_template":"","rs_page_bg_color":"","slide_template_v7":""},"_links":{"self":[{"href":"http:\/\/www.imprentallorens.es\/ca\/wp-json\/wp\/v2\/pages\/15156"}],"collection":[{"href":"http:\/\/www.imprentallorens.es\/ca\/wp-json\/wp\/v2\/pages"}],"about":[{"href":"http:\/\/www.imprentallorens.es\/ca\/wp-json\/wp\/v2\/types\/page"}],"author":[{"embeddable":true,"href":"http:\/\/www.imprentallorens.es\/ca\/wp-json\/wp\/v2\/users\/1"}],"replies":[{"embeddable":true,"href":"http:\/\/www.imprentallorens.es\/ca\/wp-json\/wp\/v2\/comments?post=15156"}],"version-history":[{"count":3,"href":"http:\/\/www.imprentallorens.es\/ca\/wp-json\/wp\/v2\/pages\/15156\/revisions"}],"predecessor-version":[{"id":15168,"href":"http:\/\/www.imprentallorens.es\/ca\/wp-json\/wp\/v2\/pages\/15156\/revisions\/15168"}],"wp:attachment":[{"href":"http:\/\/www.imprentallorens.es\/ca\/wp-json\/wp\/v2\/media?parent=15156"}],"curies":[{"name":"wp","href":"https:\/\/api.w.org\/{rel}","templated":true}]}}